{"id":1372,"date":"2022-02-15T21:58:50","date_gmt":"2022-02-15T21:58:50","guid":{"rendered":"https:\/\/montenegro-estate.com\/?page_id=1372"},"modified":"2022-02-17T15:14:26","modified_gmt":"2022-02-17T15:14:26","slug":"privacy-policy-2","status":"publish","type":"page","link":"https:\/\/montenegro-estate.com\/me\/privacy-policy-2\/","title":{"rendered":"Pravila privatnosti"},"content":{"rendered":"<div data-elementor-type=\"wp-page\" data-elementor-id=\"1372\" class=\"elementor elementor-1372\">\n\t\t\t\t\t\t<section class=\"elementor-section elementor-top-section elementor-element elementor-element-61c8535 elementor-section-boxed elementor-section-height-default elementor-section-height-default\" data-id=\"61c8535\" data-element_type=\"section\" data-e-type=\"section\">\n\t\t\t\t\t\t<div class=\"elementor-container elementor-column-gap-default\">\n\t\t\t\t\t<div class=\"elementor-column elementor-col-100 elementor-top-column elementor-element elementor-element-a379692\" data-id=\"a379692\" data-element_type=\"column\" data-e-type=\"column\">\n\t\t\t<div class=\"elementor-widget-wrap elementor-element-populated\">\n\t\t\t\t\t\t<div class=\"elementor-element elementor-element-9b56080 elementor-widget elementor-widget-heading\" data-id=\"9b56080\" data-element_type=\"widget\" data-e-type=\"widget\" data-widget_type=\"heading.default\">\n\t\t\t\t<div class=\"elementor-widget-container\">\n\t\t\t\t\t<h2 class=\"elementor-heading-title elementor-size-default\">Pravila privatnosti<\/h2>\t\t\t\t<\/div>\n\t\t\t\t<\/div>\n\t\t\t\t\t<\/div>\n\t\t<\/div>\n\t\t\t\t\t<\/div>\n\t\t<\/section>\n\t\t\t\t<section class=\"elementor-section elementor-top-section elementor-element elementor-element-d1035a4 elementor-section-boxed elementor-section-height-default elementor-section-height-default\" data-id=\"d1035a4\" data-element_type=\"section\" data-e-type=\"section\">\n\t\t\t\t\t\t<div class=\"elementor-container elementor-column-gap-default\">\n\t\t\t\t\t<div class=\"elementor-column elementor-col-100 elementor-top-column elementor-element elementor-element-234ad53\" data-id=\"234ad53\" data-element_type=\"column\" data-e-type=\"column\">\n\t\t\t<div class=\"elementor-widget-wrap elementor-element-populated\">\n\t\t\t\t\t\t<div class=\"elementor-element elementor-element-65b727f elementor-widget elementor-widget-text-editor\" data-id=\"65b727f\" data-element_type=\"widget\" data-e-type=\"widget\" data-widget_type=\"text-editor.default\">\n\t\t\t\t<div class=\"elementor-widget-container\">\n\t\t\t\t\t\t\t\t\t<p><\/p>\n<p>Ko smo mi?<\/p>\n<p><\/p>\n<p><strong class=\"privacy-policy-tutorial\">\u00a0<\/strong>Adresa naseg web sajta je: https:\/\/montenegro-estate.com.<\/p>\n<p><\/p>\n<h2 class=\"wp-block-heading\">Comments<\/h2>\n<p><\/p>\n<p><strong class=\"privacy-policy-tutorial\">\u00a0<\/strong>Kada korisnik ostavi komentar na post koristimo sve podatke koji su trazeni u kontakt formi, kao i IP adresu korisnika kako bi se blokirali spam-ovi.<\/p>\n<p><\/p>\n<p>Anonimizirani niz kreiran iz va\u0161e adrese e-po\u0161te (koji se tako\u0111er naziva hash) mo\u017ee biti dostavljen Gravatar servisu da vidi da li ga koristite. Politika privatnosti usluge Gravatar dostupna je ovdje: https:\/\/automattic.com\/privacy\/. Nakon odobrenja va\u0161eg komentara, va\u0161a profilna slika je vidljiva javnosti u kontekstu va\u0161eg komentara.<\/p>\n<p><\/p>\n<h2 class=\"wp-block-heading\">Media<\/h2>\n<p><\/p>\n<p><strong class=\"privacy-policy-tutorial\">\u00a0<\/strong>Ako otpremate slike na web stranicu, trebali biste izbjegavati otpremanje slika s uklju\u010denim podacima o lokaciji (EXIF GPS). Posjetitelji web stranice mogu preuzeti i izdvojiti sve podatke o lokaciji iz slika na web stranici.<\/p>\n<p><\/p>\n<h2 class=\"wp-block-heading\">Cookies<\/h2>\n<p><\/p>\n<p><strong class=\"privacy-policy-tutorial\">\u00a0<\/strong>Ako ostavite komentar na na\u0161oj web stranici, mo\u017eete se odlu\u010diti za spremanje va\u0161eg imena, adrese e-po\u0161te i web stranice u kola\u010di\u0107e. Ovo su radi va\u0161e udobnosti, tako da ne morate ponovo unositi svoje podatke kada ostavljate drugi komentar. Ovi kola\u010di\u0107i \u0107e trajati godinu dana.<\/p>\n<p><\/p>\n<p>Ako posjetite na\u0161u stranicu za prijavu, mi \u0107emo postaviti privremeni kola\u010di\u0107 kako bismo utvrdili da li va\u0161 pretra\u017eiva\u010d prihva\u0107a kola\u010di\u0107e. Ovaj kola\u010di\u0107 ne sadr\u017ei li\u010dne podatke i odbacuje se kada zatvorite svoj pretra\u017eiva\u010d.<\/p>\n<p><\/p>\n<p>Kada se prijavite, tako\u0111er \u0107emo postaviti nekoliko kola\u010di\u0107a za spremanje va\u0161ih podataka za prijavu i izbora prikaza na ekranu. Kola\u010di\u0107i za prijavu traju dva dana, a kola\u010di\u0107i opcija ekrana traju godinu dana. Ako odaberete \u201cZapamti me\u201d, va\u0161a prijava \u0107e trajati dvije sedmice. Ako se odjavite sa svog naloga, kola\u010di\u0107i za prijavu \u0107e biti uklonjeni.<\/p>\n<p><\/p>\n<p>Ako uredite ili objavite \u010dlanak, dodatni kola\u010di\u0107 \u0107e biti sa\u010duvan u va\u0161em pretra\u017eiva\u010du. Ovaj kola\u010di\u0107 ne uklju\u010duje nikakve li\u010dne podatke i samo ukazuje na ID objave \u010dlanka koji ste upravo uredili. Isti\u010de nakon 1 dana.<\/p>\n<p><\/p>\n<h2 class=\"wp-block-heading\">Embedded content from other websites<\/h2>\n<p><\/p>\n<p><strong class=\"privacy-policy-tutorial\">\u00a0<\/strong>\u010clanci na ovoj stranici mogu uklju\u010divati \u200b\u200bugra\u0111eni sadr\u017eaj (npr. video zapise, slike, \u010dlanke, itd.). Ugra\u0111eni sadr\u017eaj s drugih web stranica pona\u0161a se na potpuno isti na\u010din kao da je posjetitelj posjetio drugu web stranicu.<\/p>\n<p><\/p>\n<p>Ove web stranice mogu prikupljati podatke o vama, koristiti kola\u010di\u0107e, ugraditi dodatno pra\u0107enje tre\u0107e strane i pratiti va\u0161u interakciju s tim ugra\u0111enim sadr\u017eajem, uklju\u010duju\u0107i pra\u0107enje va\u0161e interakcije s ugra\u0111enim sadr\u017eajem ako imate ra\u010dun i prijavljeni ste na tu web stranicu.<\/p>\n<p><\/p>\n<h2 class=\"wp-block-heading\">Who we share your data with<\/h2>\n<p><\/p>\n<p><strong class=\"privacy-policy-tutorial\">\u00a0<\/strong>Ako zatra\u017eite poni\u0161tavanje lozinke, va\u0161a IP adresa \u0107e biti uklju\u010dena u e-poruku za ponovno postavljanje.<\/p>\n<p><\/p>\n<h2 class=\"wp-block-heading\">How long we retain your data<\/h2>\n<p><\/p>\n<p><strong class=\"privacy-policy-tutorial\">: <\/strong>Ako ostavite komentar, komentar i njegovi metapodaci se zadr\u017eavaju na neograni\u010deno vrijeme. Ovo je tako da mo\u017eemo automatski prepoznati i odobriti sve naknadne komentare umjesto da ih dr\u017eimo u redu za moderiranje.<\/p>\n<p><\/p>\n<p>Za korisnike koji se registruju na na\u0161oj web stranici (ako ih ima), tako\u0111er pohranjujemo li\u010dne podatke koje daju u svom korisni\u010dkom profilu. Svi korisnici mogu vidjeti, ure\u0111ivati \u200b\u200bili brisati svoje li\u010dne podatke u bilo kojem trenutku (osim \u0161to ne mogu promijeniti svoje korisni\u010dko ime). Administratori web stranice tako\u0111er mogu vidjeti i ure\u0111ivati \u200b\u200bte informacije.<\/p>\n<p><\/p>\n<h2 class=\"wp-block-heading\">What rights you have over your data<\/h2>\n<p><\/p>\n<p><strong class=\"privacy-policy-tutorial\">\u00a0<\/strong>Ako imate nalog na ovoj stranici ili ste ostavili komentare, mo\u017eete zatra\u017eiti da dobijete izvezenu datoteku li\u010dnih podataka koje imamo o vama, uklju\u010duju\u0107i sve podatke koje ste nam dostavili. Tako\u0111er mo\u017eete zatra\u017eiti da izbri\u0161emo sve li\u010dne podatke koje posjedujemo o vama. Ovo ne uklju\u010duje podatke koje smo du\u017eni \u010duvati u administrativne, pravne ili sigurnosne svrhe.<\/p>\n<p><\/p>\n<h2 class=\"wp-block-heading\">Where we send your data<\/h2>\n<p><\/p>\n<p><strong class=\"privacy-policy-tutorial\">\u00a0<\/strong>Komentari posjetitelja mogu se provjeriti putem automatske usluge otkrivanja ne\u017eeljene po\u0161te.<\/p>\n<p><\/p>\t\t\t\t\t\t\t\t<\/div>\n\t\t\t\t<\/div>\n\t\t\t\t\t<\/div>\n\t\t<\/div>\n\t\t\t\t\t<\/div>\n\t\t<\/section>\n\t\t\t\t<\/div>","protected":false},"excerpt":{"rendered":"<p>Privacy policy Who we are? \u00a0Our website address is: https:\/\/montenegro-estate.com. Comments \u00a0When visitors leave comments on the site we collect the data shown in the comments form, and also the visitor\u2019s IP address and browser user agent string to help spam detection. An anonymized string created from your email address (also called a hash) may &hellip;<\/p>\n<p class=\"read-more\"> <a class=\"\" href=\"https:\/\/montenegro-estate.com\/me\/privacy-policy-2\/\"> <span class=\"screen-reader-text\">Pravila privatnosti<\/span> Read More &raquo;<\/a><\/p>","protected":false},"author":1,"featured_media":0,"parent":0,"menu_order":0,"comment_status":"closed","ping_status":"closed","template":"","meta":{"site-sidebar-layout":"no-sidebar","site-content-layout":"page-builder","ast-site-content-layout":"","site-content-style":"default","site-sidebar-style":"default","ast-global-header-display":"","ast-banner-title-visibility":"","ast-main-header-display":"","ast-hfb-above-header-display":"","ast-hfb-below-header-display":"","ast-hfb-mobile-header-display":"","site-post-title":"disabled","ast-breadcrumbs-content":"","ast-featured-img":"disabled","footer-sml-layout":"","theme-transparent-header-meta":"","adv-header-id-meta":"","stick-header-meta":"","header-above-stick-meta":"","header-main-stick-meta":"","header-below-stick-meta":"","astra-migrate-meta-layouts":"","ast-page-background-enabled":"default","ast-page-background-meta":{"desktop":{"background-color":"","background-image":"","background-repeat":"repeat","background-position":"center center","background-size":"auto","background-attachment":"scroll","background-type":"","background-media":"","overlay-type":"","overlay-color":"","overlay-gradient":""},"tablet":{"background-color":"","background-image":"","background-repeat":"repeat","background-position":"center center","background-size":"auto","background-attachment":"scroll","background-type":"","background-media":"","overlay-type":"","overlay-color":"","overlay-gradient":""},"mobile":{"background-color":"","background-image":"","background-repeat":"repeat","background-position":"center center","background-size":"auto","background-attachment":"scroll","background-type":"","background-media":"","overlay-type":"","overlay-color":"","overlay-gradient":""}},"ast-content-background-meta":{"desktop":{"background-color":"var(--ast-global-color-5)","background-image":"","background-repeat":"repeat","background-position":"center center","background-size":"auto","background-attachment":"scroll","background-type":"","background-media":"","overlay-type":"","overlay-color":"","overlay-gradient":""},"tablet":{"background-color":"var(--ast-global-color-5)","background-image":"","background-repeat":"repeat","background-position":"center center","background-size":"auto","background-attachment":"scroll","background-type":"","background-media":"","overlay-type":"","overlay-color":"","overlay-gradient":""},"mobile":{"background-color":"var(--ast-global-color-5)","background-image":"","background-repeat":"repeat","background-position":"center center","background-size":"auto","background-attachment":"scroll","background-type":"","background-media":"","overlay-type":"","overlay-color":"","overlay-gradient":""}},"footnotes":""},"class_list":["post-1372","page","type-page","status-publish","hentry"],"_links":{"self":[{"href":"https:\/\/montenegro-estate.com\/me\/wp-json\/wp\/v2\/pages\/1372","targetHints":{"allow":["GET"]}}],"collection":[{"href":"https:\/\/montenegro-estate.com\/me\/wp-json\/wp\/v2\/pages"}],"about":[{"href":"https:\/\/montenegro-estate.com\/me\/wp-json\/wp\/v2\/types\/page"}],"author":[{"embeddable":true,"href":"https:\/\/montenegro-estate.com\/me\/wp-json\/wp\/v2\/users\/1"}],"replies":[{"embeddable":true,"href":"https:\/\/montenegro-estate.com\/me\/wp-json\/wp\/v2\/comments?post=1372"}],"version-history":[{"count":0,"href":"https:\/\/montenegro-estate.com\/me\/wp-json\/wp\/v2\/pages\/1372\/revisions"}],"wp:attachment":[{"href":"https:\/\/montenegro-estate.com\/me\/wp-json\/wp\/v2\/media?parent=1372"}],"curies":[{"name":"wp","href":"https:\/\/api.w.org\/{rel}","templated":true}]}}